{"id":138,"date":"2024-12-07T14:39:19","date_gmt":"2024-12-07T14:39:19","guid":{"rendered":"https:\/\/aehaiti.org\/?page_id=138"},"modified":"2024-12-07T14:47:11","modified_gmt":"2024-12-07T14:47:11","slug":"haiti","status":"publish","type":"page","link":"https:\/\/aehaiti.org\/?page_id=138","title":{"rendered":"Haiti"},"content":{"rendered":"\t\t<div data-elementor-type=\"wp-page\" data-elementor-id=\"138\" class=\"elementor elementor-138\">\n\t\t\t\t<div class=\"elementor-element elementor-element-8a5e6a4 e-flex e-con-boxed wpr-particle-no wpr-jarallax-no wpr-parallax-no wpr-sticky-section-no e-con e-parent\" data-id=\"8a5e6a4\" data-element_type=\"container\">\n\t\t\t\t\t<div class=\"e-con-inner\">\n\t\t\t\t<div class=\"elementor-element elementor-element-8eef1b7 elementor-widget elementor-widget-heading\" data-id=\"8eef1b7\" data-element_type=\"widget\" data-widget_type=\"heading.default\">\n\t\t\t\t<div class=\"elementor-widget-container\">\n\t\t\t<h2 class=\"elementor-heading-title elementor-size-default\">Links zu aktuellen Informationen \u00fcber Haiti\n<\/h2>\t\t<\/div>\n\t\t\t\t<\/div>\n\t\t\t\t\t<\/div>\n\t\t\t\t<\/div>\n\t\t<div class=\"elementor-element elementor-element-dd2ee1a e-flex e-con-boxed wpr-particle-no wpr-jarallax-no wpr-parallax-no wpr-sticky-section-no e-con e-parent\" data-id=\"dd2ee1a\" data-element_type=\"container\">\n\t\t\t\t\t<div class=\"e-con-inner\">\n\t\t<div class=\"elementor-element elementor-element-da5a926 e-con-full e-flex wpr-particle-no wpr-jarallax-no wpr-parallax-no wpr-sticky-section-no e-con e-child\" data-id=\"da5a926\" data-element_type=\"container\">\n\t\t\t\t<div class=\"elementor-element elementor-element-51269f5 elementor-widget elementor-widget-text-editor\" data-id=\"51269f5\" data-element_type=\"widget\" data-widget_type=\"text-editor.default\">\n\t\t\t\t<div class=\"elementor-widget-container\">\n\t\t\t\t\t\t\t<p>Um weitere Informationen \u00fcber Haiti zu lesen, k\u00f6nnen wir folgende andere Webseiten empfehlen. Selbstverst\u00e4ndlich ist AEHaiti e.V. nicht verantwortlich f\u00fcr den Inhalt dieser externen Internetseiten.<\/p><p>Stand: 28.01.2021<\/p>\t\t\t\t\t\t<\/div>\n\t\t\t\t<\/div>\n\t\t\t\t<div class=\"elementor-element elementor-element-1401e4f elementor-widget elementor-widget-text-editor\" data-id=\"1401e4f\" data-element_type=\"widget\" data-widget_type=\"text-editor.default\">\n\t\t\t\t<div class=\"elementor-widget-container\">\n\t\t\t\t\t\t\t<p>&#8230;aktuelle Nachrichten aus Haiti und Informationen zum Zeitgeschehen kann man sehr gut auch bei amerika21 lesen:<\/p><p><a href=\"https:\/\/amerika21.de\/geo\/haiti\">https:\/\/amerika21.de\/geo\/haiti<\/a><\/p>\t\t\t\t\t\t<\/div>\n\t\t\t\t<\/div>\n\t\t\t\t<div class=\"elementor-element elementor-element-c6f89b6 elementor-widget elementor-widget-image\" data-id=\"c6f89b6\" data-element_type=\"widget\" data-widget_type=\"image.default\">\n\t\t\t\t<div class=\"elementor-widget-container\">\n\t\t\t\t\t\t\t\t\t\t\t\t\t<img fetchpriority=\"high\" decoding=\"async\" width=\"960\" height=\"254\" src=\"https:\/\/aehaiti.org\/wp-content\/uploads\/2024\/12\/Logo-Frei-300x300-DPI-1024x271.png\" class=\"attachment-large size-large wp-image-42\" alt=\"\" srcset=\"https:\/\/aehaiti.org\/wp-content\/uploads\/2024\/12\/Logo-Frei-300x300-DPI-1024x271.png 1024w, https:\/\/aehaiti.org\/wp-content\/uploads\/2024\/12\/Logo-Frei-300x300-DPI-300x79.png 300w, https:\/\/aehaiti.org\/wp-content\/uploads\/2024\/12\/Logo-Frei-300x300-DPI-768x203.png 768w, https:\/\/aehaiti.org\/wp-content\/uploads\/2024\/12\/Logo-Frei-300x300-DPI-1536x407.png 1536w, https:\/\/aehaiti.org\/wp-content\/uploads\/2024\/12\/Logo-Frei-300x300-DPI-2048x543.png 2048w, https:\/\/aehaiti.org\/wp-content\/uploads\/2024\/12\/Logo-Frei-300x300-DPI-1920x509.png 1920w\" sizes=\"(max-width: 960px) 100vw, 960px\" \/>\t\t\t\t\t\t\t\t\t\t\t\t\t<\/div>\n\t\t\t\t<\/div>\n\t\t\t\t<\/div>\n\t\t<div class=\"elementor-element elementor-element-663fd8f e-con-full e-flex wpr-particle-no wpr-jarallax-no wpr-parallax-no wpr-sticky-section-no e-con e-child\" data-id=\"663fd8f\" data-element_type=\"container\">\n\t\t\t\t<div class=\"elementor-element elementor-element-fbef993 elementor-widget elementor-widget-text-editor\" data-id=\"fbef993\" data-element_type=\"widget\" data-widget_type=\"text-editor.default\">\n\t\t\t\t<div class=\"elementor-widget-container\">\n\t\t\t\t\t\t\t<ul><li><a href=\"http:\/\/www.mebsh.org\/\" target=\"_blank\" rel=\"noopener\">Unser Partner:<strong>\u00a0 \u00a0<\/strong><\/a><ul><li><a href=\"http:\/\/www.mebsh.org\/\" target=\"_blank\" rel=\"noopener\"><strong>MEBSH<\/strong><\/a><\/li><\/ul><\/li><li><a href=\"https:\/\/www.nhc.noaa.gov\/\" target=\"_blank\" rel=\"noopener\">Karibik-Sturminformationen:<\/a><ul><li><a href=\"https:\/\/www.nhc.noaa.gov\/\" target=\"_blank\" rel=\"noopener\"><strong>US Hurricane Center<\/strong><\/a><\/li><\/ul><\/li><li><a href=\"https:\/\/news.feed-reader.net\/836-haiti.html\" target=\"_blank\" rel=\"noopener\">Aktuelle Haiti-Nachrichten: <\/a><ul><li><a href=\"https:\/\/news.feed-reader.net\/836-haiti.html\" target=\"_blank\" rel=\"noopener\"><strong>News-Reader<\/strong><\/a><\/li><\/ul><\/li><li><a href=\"https:\/\/www.auswaertiges-amt.de\/de\/service\/laender\/haiti-node\" target=\"_blank\" rel=\"noopener\">L\u00e4nderinformation zu Haiti: <\/a><ul><li><a href=\"https:\/\/www.auswaertiges-amt.de\/de\/service\/laender\/haiti-node\" target=\"_blank\" rel=\"noopener\"><strong>Ausw\u00e4rtiges Amt<\/strong><\/a><\/li><\/ul><\/li><li><a href=\"https:\/\/web.archive.org\/web\/20210730064303\/https:\/\/de.wikipedia.org\/wiki\/Haiti\" target=\"_blank\" rel=\"noopener\">Haiti bei: <\/a><ul><li><a href=\"https:\/\/de.wikipedia.org\/wiki\/Haiti\" target=\"_blank\" rel=\"noopener\"><strong>Wikipedia.org<\/strong><\/a><\/li><\/ul><\/li><li><a href=\"https:\/\/web.archive.org\/web\/20210730064303\/https:\/\/en.wikipedia.org\/wiki\/Evangelical_Baptist_Mission_of_South_Haiti\" target=\"_blank\" rel=\"noopener\">MEBSH bei:<\/a><ul><li><a href=\"https:\/\/web.archive.org\/web\/20210730064303\/https:\/\/en.wikipedia.org\/wiki\/Evangelical_Baptist_Mission_of_South_Haiti\" target=\"_blank\" rel=\"noopener\"><strong>Wikipedia.org<\/strong><\/a><\/li><\/ul><\/li><\/ul>\t\t\t\t\t\t<\/div>\n\t\t\t\t<\/div>\n\t\t\t\t<\/div>\n\t\t\t\t\t<\/div>\n\t\t\t\t<\/div>\n\t\t<div class=\"elementor-element elementor-element-e64d0e0 e-flex e-con-boxed wpr-particle-no wpr-jarallax-no wpr-parallax-no wpr-sticky-section-no e-con e-parent\" data-id=\"e64d0e0\" data-element_type=\"container\">\n\t\t\t\t\t<div class=\"e-con-inner\">\n\t\t\t\t<div class=\"elementor-element elementor-element-7fa51a9 elementor-widget elementor-widget-text-editor\" data-id=\"7fa51a9\" data-element_type=\"widget\" data-widget_type=\"text-editor.default\">\n\t\t\t\t<div class=\"elementor-widget-container\">\n\t\t\t\t\t\t\t<div class=\"page-header\"><h3><span style=\"color: #339966;\">Haiti &#8211; Die ehemalige Perle der Antillen<\/span><\/h3><\/div><p>Trockenheit auf der einen Seite, Wirbelst\u00fcrme und \u00dcberschwemmungen auf der anderen Seite, sowie Bodenerosion und \u00dcberbev\u00f6lkerung machen Haiti zu einem der \u00e4rmsten L\u00e4nder. Doch auch politische Instabilit\u00e4t und Korruption l\u00e4hmen das Land. Dazu kommt das gro\u00dfe Erdbeben im Januar 2010, welches circa 1,5 Mio. Einwohner obdachlos machte, 300.000 Verletzte zur\u00fcck lie\u00df und 250.000 Menschen das Leben kostete.<\/p><p>Haiti war nach USA das zweite unabh\u00e4ngige Land in der \u201eneuen Welt\u201c, schon 1804 hatten sich die ehemaligen Sklaven die Freiheit erk\u00e4mpft. Die Sprache und Religion wurde ihnen durch ihre Herren aufgezwungen, nun hat Haiti zwei offizielle Landessprachen, Kreolisch und Franz\u00f6sisch. 75% der Bev\u00f6lkerung sind Katholisch und ungef\u00e4hr 20% geh\u00f6ren evangelistischen Gemeinden an. Doch nebenbei sind ein Gro\u00dfteil der Menschen Anh\u00e4nger des Voodoo-Kults, den sie aus Afrika mit nach Haiti gebracht hatten. \u00c4ngste und Bedrohungen welche durch diesen Kult versp\u00fcrt werden fesseln die Menschen in vieler Hinsicht.<\/p><p>Genaue Zahlen und Statistiken \u00fcber Haiti sind kaum verf\u00fcgbar, doch der Mangel an grunds\u00e4tzlichen Dingen ist un\u00fcbersehbar. Von den 10 Mio. Einwohnern auf Haiti leben \u00fcber 2 Mio. in der Hauptstadt Port-au-Prince. Rund 70% der Bev\u00f6lkerung sind arbeitslos. Es mangelt an schulischer Bildung und Ausbildungsm\u00f6glichkeiten f\u00fcr die jugendliche Bev\u00f6lkerung, denn \u00fcber 50% sind unter 25 Jahre alt. Zus\u00e4tzlich sind fast die H\u00e4lfte Analphabeten.<\/p>\t\t\t\t\t\t<\/div>\n\t\t\t\t<\/div>\n\t\t\t\t\t<\/div>\n\t\t\t\t<\/div>\n\t\t\t\t<\/div>\n\t\t","protected":false},"excerpt":{"rendered":"<p>Links zu aktuellen Informationen \u00fcber Haiti Um weitere Informationen \u00fcber Haiti zu lesen, k\u00f6nnen wir folgende andere Webseiten empfehlen. Selbstverst\u00e4ndlich ist AEHaiti e.V. nicht verantwortlich f\u00fcr den Inhalt dieser externen Internetseiten. Stand: 28.01.2021 &#8230;aktuelle Nachrichten aus Haiti und Informationen zum Zeitgeschehen kann man sehr gut auch bei amerika21 lesen: https:\/\/amerika21.de\/geo\/haiti Unser Partner:\u00a0 \u00a0 MEBSH Karibik-Sturminformationen: US Hurricane Center Aktuelle Haiti-Nachrichten: News-Reader L\u00e4nderinformation zu Haiti: Ausw\u00e4rtiges Amt Haiti bei: Wikipedia.org MEBSH bei: Wikipedia.org Haiti &#8211; Die ehemalige Perle der Antillen Trockenheit auf der einen Seite, Wirbelst\u00fcrme und \u00dcberschwemmungen auf der anderen Seite, sowie Bodenerosion und \u00dcberbev\u00f6lkerung machen Haiti zu einem der \u00e4rmsten L\u00e4nder. Doch auch politische Instabilit\u00e4t und Korruption l\u00e4hmen das Land. Dazu kommt das gro\u00dfe Erdbeben im Januar 2010, welches circa 1,5 Mio. Einwohner obdachlos machte, 300.000 Verletzte zur\u00fcck lie\u00df und 250.000 Menschen das Leben kostete. Haiti war nach USA das zweite unabh\u00e4ngige Land in der \u201eneuen Welt\u201c, schon 1804 hatten sich die ehemaligen Sklaven die Freiheit erk\u00e4mpft. Die Sprache und Religion wurde ihnen durch ihre Herren aufgezwungen, nun hat Haiti zwei offizielle Landessprachen, Kreolisch und Franz\u00f6sisch. 75% der Bev\u00f6lkerung sind Katholisch und ungef\u00e4hr 20% geh\u00f6ren evangelistischen Gemeinden an. Doch nebenbei sind ein Gro\u00dfteil der Menschen Anh\u00e4nger des Voodoo-Kults, den sie aus Afrika mit nach Haiti gebracht hatten. \u00c4ngste und Bedrohungen welche durch diesen Kult versp\u00fcrt werden fesseln die Menschen in vieler Hinsicht. Genaue Zahlen und Statistiken \u00fcber Haiti sind kaum verf\u00fcgbar, doch der Mangel an grunds\u00e4tzlichen Dingen ist un\u00fcbersehbar. Von den 10 Mio. Einwohnern auf Haiti leben \u00fcber 2 Mio. in der Hauptstadt Port-au-Prince. Rund 70% der Bev\u00f6lkerung sind arbeitslos. Es mangelt an schulischer Bildung und Ausbildungsm\u00f6glichkeiten f\u00fcr die jugendliche Bev\u00f6lkerung, denn \u00fcber 50% sind unter 25 Jahre alt. Zus\u00e4tzlich sind fast die H\u00e4lfte Analphabeten.<\/p>\n","protected":false},"author":1,"featured_media":0,"parent":0,"menu_order":0,"comment_status":"closed","ping_status":"closed","template":"","meta":{"footnotes":""},"class_list":["post-138","page","type-page","status-publish","hentry"],"acf":[],"_links":{"self":[{"href":"https:\/\/aehaiti.org\/index.php?rest_route=\/wp\/v2\/pages\/138","targetHints":{"allow":["GET"]}}],"collection":[{"href":"https:\/\/aehaiti.org\/index.php?rest_route=\/wp\/v2\/pages"}],"about":[{"href":"https:\/\/aehaiti.org\/index.php?rest_route=\/wp\/v2\/types\/page"}],"author":[{"embeddable":true,"href":"https:\/\/aehaiti.org\/index.php?rest_route=\/wp\/v2\/users\/1"}],"replies":[{"embeddable":true,"href":"https:\/\/aehaiti.org\/index.php?rest_route=%2Fwp%2Fv2%2Fcomments&post=138"}],"version-history":[{"count":5,"href":"https:\/\/aehaiti.org\/index.php?rest_route=\/wp\/v2\/pages\/138\/revisions"}],"predecessor-version":[{"id":143,"href":"https:\/\/aehaiti.org\/index.php?rest_route=\/wp\/v2\/pages\/138\/revisions\/143"}],"wp:attachment":[{"href":"https:\/\/aehaiti.org\/index.php?rest_route=%2Fwp%2Fv2%2Fmedia&parent=138"}],"curies":[{"name":"wp","href":"https:\/\/api.w.org\/{rel}","templated":true}]}}