{"id":145,"date":"2024-12-07T14:48:43","date_gmt":"2024-12-07T14:48:43","guid":{"rendered":"https:\/\/aehaiti.org\/?page_id=145"},"modified":"2024-12-07T14:52:33","modified_gmt":"2024-12-07T14:52:33","slug":"radio","status":"publish","type":"page","link":"https:\/\/aehaiti.org\/?page_id=145","title":{"rendered":"Radio"},"content":{"rendered":"\t\t<div data-elementor-type=\"wp-page\" data-elementor-id=\"145\" class=\"elementor elementor-145\">\n\t\t\t\t<div class=\"elementor-element elementor-element-e7989e3 e-flex e-con-boxed wpr-particle-no wpr-jarallax-no wpr-parallax-no wpr-sticky-section-no e-con e-parent\" data-id=\"e7989e3\" data-element_type=\"container\">\n\t\t\t\t\t<div class=\"e-con-inner\">\n\t\t\t\t<div class=\"elementor-element elementor-element-c600a7b elementor-widget elementor-widget-text-editor\" data-id=\"c600a7b\" data-element_type=\"widget\" data-widget_type=\"text-editor.default\">\n\t\t\t\t<div class=\"elementor-widget-container\">\n\t\t\t\t\t\t\t<div class=\"page-header\"><h2>Radio Lumi\u00e8re &#8211; Das Radio in Haiti seit 1959<\/h2><\/div><p>Haiti, mit rund 70% Arbeitslosen, Mangel an schulischer Bildung und Ausbildungsm\u00f6glichkeiten f\u00fcr die jugendliche Bev\u00f6lkerung (\u00fcber 50% sind unter 25 Jahre alt) sowie nahezu 50% Analphabeten, ist der Hintergrund in dem das Radio das wichtigste Informations-Medium und die einfachste Art darstellt, einen Beitrag zur Bildung aller Bev\u00f6lkerungsgruppen zu leisten. Ein Gro\u00dfteil der Haitianer h\u00f6rt die Sendungen von Radio Lumi\u00e8re, ein vielf\u00e4ltiges Programm mit Sendungen f\u00fcr alle Altersgruppen, zum Lernen, zur allgemeinen Bildung, Nachrichten, Interviews, und Unterhaltung. Christliche Radiosendungen haben seit 1960 gro\u00dfen Einfluss ausge\u00fcbt. Radio Lumi\u00e8re ist eine Plattform, welche von allen evangelistischen Gemeindeverb\u00e4nden genutzt wird, obwohl es Teil der MEBSH, den Baptisten S\u00fcd-Haiti\u2019s, ist.<\/p><p>Zu Radio Lumi\u00e8re geh\u00f6ren 7 lokale Studios sowie das Hauptstadtstudio welches den Gro\u00dfteil des landesweiten Programms ausstrahlt. Es besteht ein weitl\u00e4ufiges Netz von 11 Sendestationen, welches in Haiti einzigartig ist. Nach wie vor wird \u00fcber UKW und Mittelwelle gesendet. \u00dcber 90 Mitarbeiter sind f\u00fcr den redaktionellen und technischen Bereich verantwortlich.<\/p><p>Schon lange gibt es Anfragen und die Hoffnung der Bev\u00f6lkerung, an drei weiteren Standorten einen lokalen UKW Sender mit einem einfachen Studio einzurichten. Ein provisorisch installierter Sender konnte in letzter Zeit in Jacmel auf Sendung gehen.<\/p><p><strong>Unterst\u00fctzung erw\u00fcnscht<\/strong><\/p><p>Radio Lumi\u00e8re finanziert sich so weit wie m\u00f6glich durch die eigene Bev\u00f6lkerung. Die Haitianer lieben ihr Radio sehr. Auch Haitianer im Ausland h\u00f6ren Radio Lumi\u00e8re und tragen einen gro\u00dfen Teil der finanziellen Last. Da jedoch die meisten Installationen und Ger\u00e4te \u00fcberaltert sind, einzelne Sender seit l\u00e4ngerer Zeit gar nicht mehr funktionieren und die Umweltbedingungen schwierig sind, brauchen und w\u00fcnschen sie Unterst\u00fctzung vor allem zur Erneuerung der Technik, jedoch auch f\u00fcr die laufenden Kosten die nicht immer gedeckt werden k\u00f6nnen. Dazu fehlt gut ausgebildetes technisches Personal aber auch ben\u00f6tigtes Material ist im Land kaum verf\u00fcgbar.<\/p>\t\t\t\t\t\t<\/div>\n\t\t\t\t<\/div>\n\t\t\t\t<div class=\"elementor-element elementor-element-462283e elementor-widget elementor-widget-heading\" data-id=\"462283e\" data-element_type=\"widget\" data-widget_type=\"heading.default\">\n\t\t\t\t<div class=\"elementor-widget-container\">\n\t\t\t<h2 class=\"elementor-heading-title elementor-size-default\">Standorte von Radio Lumi\u00e8re<\/h2>\t\t<\/div>\n\t\t\t\t<\/div>\n\t\t\t\t<div class=\"elementor-element elementor-element-b586ea2 elementor-widget elementor-widget-image\" data-id=\"b586ea2\" data-element_type=\"widget\" data-widget_type=\"image.default\">\n\t\t\t\t<div class=\"elementor-widget-container\">\n\t\t\t\t\t\t\t\t\t\t\t\t\t<img fetchpriority=\"high\" decoding=\"async\" width=\"652\" height=\"501\" src=\"https:\/\/aehaiti.org\/wp-content\/uploads\/2024\/12\/rl_standort_karte.png\" class=\"attachment-large size-large wp-image-147\" alt=\"\" srcset=\"https:\/\/aehaiti.org\/wp-content\/uploads\/2024\/12\/rl_standort_karte.png 652w, https:\/\/aehaiti.org\/wp-content\/uploads\/2024\/12\/rl_standort_karte-300x231.png 300w\" sizes=\"(max-width: 652px) 100vw, 652px\" \/>\t\t\t\t\t\t\t\t\t\t\t\t\t<\/div>\n\t\t\t\t<\/div>\n\t\t\t\t<div class=\"elementor-element elementor-element-6ffb818 elementor-widget elementor-widget-text-editor\" data-id=\"6ffb818\" data-element_type=\"widget\" data-widget_type=\"text-editor.default\">\n\t\t\t\t<div class=\"elementor-widget-container\">\n\t\t\t\t\t\t\t<p>Detailiertere Beschreibungen und Fotos m\u00f6chten wir noch nach und nach hinzuf\u00fcgen, damit Sie einen besseren Einblick in die Arbeit und die Schwierigkeiten vor Ort haben k\u00f6nnen. Wir freuen uns, wenn Sie wieder vorbeischauen oder sich bei uns melden, damit wir Ihnen unseren regelm\u00e4\u00dfigen Infobrief per EMail oder Post zukommen lassen k\u00f6nnen.<\/p><p>Mit freundlichen Gr\u00fcssen, Johannes Ruopp, Vorstandsvorsitzender,\u00a0<span id=\"cloakf4c0654f2bc59f69036cd22afdcb8c17\"><a href=\"mailto:Johannes.Ruopp@AEHaiti.org\">Johannes.Ruopp@AEHaiti.org<\/a><\/span><\/p>\t\t\t\t\t\t<\/div>\n\t\t\t\t<\/div>\n\t\t\t\t\t<\/div>\n\t\t\t\t<\/div>\n\t\t\t\t<\/div>\n\t\t","protected":false},"excerpt":{"rendered":"<p>Radio Lumi\u00e8re &#8211; Das Radio in Haiti seit 1959 Haiti, mit rund 70% Arbeitslosen, Mangel an schulischer Bildung und Ausbildungsm\u00f6glichkeiten f\u00fcr die jugendliche Bev\u00f6lkerung (\u00fcber 50% sind unter 25 Jahre alt) sowie nahezu 50% Analphabeten, ist der Hintergrund in dem das Radio das wichtigste Informations-Medium und die einfachste Art darstellt, einen Beitrag zur Bildung aller Bev\u00f6lkerungsgruppen zu leisten. Ein Gro\u00dfteil der Haitianer h\u00f6rt die Sendungen von Radio Lumi\u00e8re, ein vielf\u00e4ltiges Programm mit Sendungen f\u00fcr alle Altersgruppen, zum Lernen, zur allgemeinen Bildung, Nachrichten, Interviews, und Unterhaltung. Christliche Radiosendungen haben seit 1960 gro\u00dfen Einfluss ausge\u00fcbt. Radio Lumi\u00e8re ist eine Plattform, welche von allen evangelistischen Gemeindeverb\u00e4nden genutzt wird, obwohl es Teil der MEBSH, den Baptisten S\u00fcd-Haiti\u2019s, ist. Zu Radio Lumi\u00e8re geh\u00f6ren 7 lokale Studios sowie das Hauptstadtstudio welches den Gro\u00dfteil des landesweiten Programms ausstrahlt. Es besteht ein weitl\u00e4ufiges Netz von 11 Sendestationen, welches in Haiti einzigartig ist. Nach wie vor wird \u00fcber UKW und Mittelwelle gesendet. \u00dcber 90 Mitarbeiter sind f\u00fcr den redaktionellen und technischen Bereich verantwortlich. Schon lange gibt es Anfragen und die Hoffnung der Bev\u00f6lkerung, an drei weiteren Standorten einen lokalen UKW Sender mit einem einfachen Studio einzurichten. Ein provisorisch installierter Sender konnte in letzter Zeit in Jacmel auf Sendung gehen. Unterst\u00fctzung erw\u00fcnscht Radio Lumi\u00e8re finanziert sich so weit wie m\u00f6glich durch die eigene Bev\u00f6lkerung. Die Haitianer lieben ihr Radio sehr. Auch Haitianer im Ausland h\u00f6ren Radio Lumi\u00e8re und tragen einen gro\u00dfen Teil der finanziellen Last. Da jedoch die meisten Installationen und Ger\u00e4te \u00fcberaltert sind, einzelne Sender seit l\u00e4ngerer Zeit gar nicht mehr funktionieren und die Umweltbedingungen schwierig sind, brauchen und w\u00fcnschen sie Unterst\u00fctzung vor allem zur Erneuerung der Technik, jedoch auch f\u00fcr die laufenden Kosten die nicht immer gedeckt werden k\u00f6nnen. Dazu fehlt gut ausgebildetes technisches Personal aber auch ben\u00f6tigtes Material ist im Land kaum verf\u00fcgbar. Standorte von Radio Lumi\u00e8re Detailiertere Beschreibungen und Fotos m\u00f6chten wir noch nach und nach hinzuf\u00fcgen, damit Sie einen besseren Einblick in die Arbeit und die Schwierigkeiten vor Ort haben k\u00f6nnen. Wir freuen uns, wenn Sie wieder vorbeischauen oder sich bei uns melden, damit wir Ihnen unseren regelm\u00e4\u00dfigen Infobrief per EMail oder Post zukommen lassen k\u00f6nnen. Mit freundlichen Gr\u00fcssen, Johannes Ruopp, Vorstandsvorsitzender,\u00a0Johannes.Ruopp@AEHaiti.org<\/p>\n","protected":false},"author":1,"featured_media":0,"parent":0,"menu_order":0,"comment_status":"closed","ping_status":"closed","template":"","meta":{"footnotes":""},"class_list":["post-145","page","type-page","status-publish","hentry"],"acf":[],"_links":{"self":[{"href":"https:\/\/aehaiti.org\/index.php?rest_route=\/wp\/v2\/pages\/145","targetHints":{"allow":["GET"]}}],"collection":[{"href":"https:\/\/aehaiti.org\/index.php?rest_route=\/wp\/v2\/pages"}],"about":[{"href":"https:\/\/aehaiti.org\/index.php?rest_route=\/wp\/v2\/types\/page"}],"author":[{"embeddable":true,"href":"https:\/\/aehaiti.org\/index.php?rest_route=\/wp\/v2\/users\/1"}],"replies":[{"embeddable":true,"href":"https:\/\/aehaiti.org\/index.php?rest_route=%2Fwp%2Fv2%2Fcomments&post=145"}],"version-history":[{"count":5,"href":"https:\/\/aehaiti.org\/index.php?rest_route=\/wp\/v2\/pages\/145\/revisions"}],"predecessor-version":[{"id":151,"href":"https:\/\/aehaiti.org\/index.php?rest_route=\/wp\/v2\/pages\/145\/revisions\/151"}],"wp:attachment":[{"href":"https:\/\/aehaiti.org\/index.php?rest_route=%2Fwp%2Fv2%2Fmedia&parent=145"}],"curies":[{"name":"wp","href":"https:\/\/api.w.org\/{rel}","templated":true}]}}